{"id":7983,"date":"2022-08-11T17:47:47","date_gmt":"2022-08-11T15:47:47","guid":{"rendered":"https:\/\/www.basicestudio.com\/oferim\/"},"modified":"2022-08-26T10:46:06","modified_gmt":"2022-08-26T08:46:06","slug":"agencia-branding-barcelona","status":"publish","type":"page","link":"https:\/\/www.basicestudio.com\/ca\/agencia-branding-barcelona\/","title":{"rendered":"Oferim."},"content":{"rendered":"\t\t<div data-elementor-type=\"wp-page\" data-elementor-id=\"7983\" class=\"elementor elementor-7983 elementor-7246\">\n\t\t\t\t\t\t<section class=\"elementor-section elementor-top-section elementor-element elementor-element-1729211b elementor-section-height-min-height elementor-section-content-middle elementor-section-full_width elementor-section-stretched qodef-elementor-content-grid elementor-section-height-default elementor-section-items-middle\" data-id=\"1729211b\" data-element_type=\"section\" data-settings=\"{&quot;stretch_section&quot;:&quot;section-stretched&quot;,&quot;background_background&quot;:&quot;classic&quot;}\">\n\t\t\t\t\t\t\t<div class=\"elementor-background-overlay\"><\/div>\n\t\t\t\t\t\t\t<div class=\"elementor-container elementor-column-gap-default\">\n\t\t\t\t\t<div class=\"elementor-column elementor-col-100 elementor-top-column elementor-element elementor-element-4a7db5da\" data-id=\"4a7db5da\" data-element_type=\"column\" data-settings=\"{&quot;background_background&quot;:&quot;classic&quot;}\">\n\t\t\t<div class=\"elementor-widget-wrap elementor-element-populated\">\n\t\t\t\t\t\t<div class=\"elementor-element elementor-element-752a6913 animated-fast elementor-invisible elementor-widget elementor-widget-image\" data-id=\"752a6913\" data-element_type=\"widget\" data-settings=\"{&quot;_animation&quot;:&quot;headShake&quot;}\" data-widget_type=\"image.default\">\n\t\t\t\t<div class=\"elementor-widget-container\">\n\t\t\t\t\t\t\t\t\t\t\t\t\t\t\t<img decoding=\"async\" width=\"71\" height=\"101\" src=\"https:\/\/www.basicestudio.com\/wp-content\/uploads\/2022\/08\/b-gif-1.gif\" class=\"attachment-large size-large wp-image-7879\" alt=\"estudi disseny gr\u00e0fic barcelona basicestudio\" \/>\t\t\t\t\t\t\t\t\t\t\t\t\t\t\t<\/div>\n\t\t\t\t<\/div>\n\t\t\t\t<div class=\"elementor-element elementor-element-2066de47 animated-fast elementor-widget__width-initial elementor-invisible elementor-widget elementor-widget-heading\" data-id=\"2066de47\" data-element_type=\"widget\" data-settings=\"{&quot;_animation&quot;:&quot;headShake&quot;}\" data-widget_type=\"heading.default\">\n\t\t\t\t<div class=\"elementor-widget-container\">\n\t\t\t\t\t<h1 class=\"elementor-heading-title elementor-size-default\">Fem disseny gr\u00e0fic i web...<\/h1>\t\t\t\t<\/div>\n\t\t\t\t<\/div>\n\t\t\t\t<section class=\"elementor-section elementor-inner-section elementor-element elementor-element-10719ac elementor-section-full_width elementor-section-height-default elementor-section-height-default qodef-elementor-content-no\" data-id=\"10719ac\" data-element_type=\"section\">\n\t\t\t\t\t\t<div class=\"elementor-container elementor-column-gap-no\">\n\t\t\t\t\t<div class=\"elementor-column elementor-col-33 elementor-inner-column elementor-element elementor-element-6e0920c\" data-id=\"6e0920c\" data-element_type=\"column\">\n\t\t\t<div class=\"elementor-widget-wrap elementor-element-populated\">\n\t\t\t\t\t\t<div class=\"elementor-element elementor-element-55c7c15 elementor-widget__width-initial animated-fast elementor-invisible elementor-widget elementor-widget-text-editor\" data-id=\"55c7c15\" data-element_type=\"widget\" data-settings=\"{&quot;_animation&quot;:&quot;headShake&quot;}\" data-widget_type=\"text-editor.default\">\n\t\t\t\t<div class=\"elementor-widget-container\">\n\t\t\t\t\t\t\t\t\t<h4 style=\"color: #777777;\">Amb b de briefing<\/h4>\n<p style=\"font-weight: 400; color: #ffffff; margin-top: -20px;\">Perqu\u00e8 creiem que un bon briefing \u00e9s essencial per entendre qu\u00e8 necessites i com l&#8217;hem d&#8217;enfocar.<\/p>\t\t\t\t\t\t\t\t<\/div>\n\t\t\t\t<\/div>\n\t\t\t\t\t<\/div>\n\t\t<\/div>\n\t\t\t\t<div class=\"elementor-column elementor-col-33 elementor-inner-column elementor-element elementor-element-87c0bc6\" data-id=\"87c0bc6\" data-element_type=\"column\">\n\t\t\t<div class=\"elementor-widget-wrap elementor-element-populated\">\n\t\t\t\t\t\t<div class=\"elementor-element elementor-element-7609840 elementor-widget__width-initial animated-fast elementor-invisible elementor-widget elementor-widget-text-editor\" data-id=\"7609840\" data-element_type=\"widget\" data-settings=\"{&quot;_animation&quot;:&quot;headShake&quot;}\" data-widget_type=\"text-editor.default\">\n\t\t\t\t<div class=\"elementor-widget-container\">\n\t\t\t\t\t\t\t\t\t<h4 style=\"color: #777777;\">Amb b de barcelona<\/h4><p style=\"font-weight: 400; color: #ffffff; margin-top: -20px;\">Perqu\u00e8 vivim, treballem i hem estudiat disseny a Barcelona, i aix\u00f2 es nota al nostre estil.<\/p>\t\t\t\t\t\t\t\t<\/div>\n\t\t\t\t<\/div>\n\t\t\t\t\t<\/div>\n\t\t<\/div>\n\t\t\t\t<div class=\"elementor-column elementor-col-33 elementor-inner-column elementor-element elementor-element-9763d95\" data-id=\"9763d95\" data-element_type=\"column\">\n\t\t\t<div class=\"elementor-widget-wrap elementor-element-populated\">\n\t\t\t\t\t\t<div class=\"elementor-element elementor-element-ba58532 elementor-widget__width-initial animated-fast elementor-invisible elementor-widget elementor-widget-text-editor\" data-id=\"ba58532\" data-element_type=\"widget\" data-settings=\"{&quot;_animation&quot;:&quot;headShake&quot;}\" data-widget_type=\"text-editor.default\">\n\t\t\t\t<div class=\"elementor-widget-container\">\n\t\t\t\t\t\t\t\t\t<h4 style=\"color: #777777;\">Amb b de basic<\/h4>\n<p style=\"font-weight: 400; color: #ffffff; margin-top: -20px;\">Perqu\u00e8 en el nostre disseny, el missatge \u00e9s b\u00e0sic. Ho fem impactant per\u00f2 senzill, creatiu per\u00f2 intel\u00b7ligent.<\/p>\t\t\t\t\t\t\t\t<\/div>\n\t\t\t\t<\/div>\n\t\t\t\t\t<\/div>\n\t\t<\/div>\n\t\t\t\t\t<\/div>\n\t\t<\/section>\n\t\t\t\t\t<\/div>\n\t\t<\/div>\n\t\t\t\t\t<\/div>\n\t\t<\/section>\n\t\t\t\t<section class=\"elementor-section elementor-top-section elementor-element elementor-element-44390253 elementor-section-height-min-height elementor-section-content-middle elementor-section-full_width elementor-section-stretched qodef-elementor-content-grid elementor-section-height-default elementor-section-items-middle\" data-id=\"44390253\" data-element_type=\"section\" data-settings=\"{&quot;stretch_section&quot;:&quot;section-stretched&quot;,&quot;background_background&quot;:&quot;classic&quot;}\">\n\t\t\t\t\t\t\t<div class=\"elementor-background-overlay\"><\/div>\n\t\t\t\t\t\t\t<div class=\"elementor-container elementor-column-gap-default\">\n\t\t\t\t\t<div class=\"elementor-column elementor-col-100 elementor-top-column elementor-element elementor-element-87eda55\" data-id=\"87eda55\" data-element_type=\"column\" data-settings=\"{&quot;background_background&quot;:&quot;classic&quot;}\">\n\t\t\t<div class=\"elementor-widget-wrap elementor-element-populated\">\n\t\t\t\t\t\t<div class=\"elementor-element elementor-element-437d78c8 animated-fast elementor-invisible elementor-widget elementor-widget-heading\" data-id=\"437d78c8\" data-element_type=\"widget\" data-settings=\"{&quot;_animation&quot;:&quot;headShake&quot;}\" data-widget_type=\"heading.default\">\n\t\t\t\t<div class=\"elementor-widget-container\">\n\t\t\t\t\t<h2 class=\"elementor-heading-title elementor-size-default\">Com funcionem? <\/h2>\t\t\t\t<\/div>\n\t\t\t\t<\/div>\n\t\t\t\t<div class=\"elementor-element elementor-element-8c6c870 elementor-widget__width-initial animated-fast elementor-invisible elementor-widget elementor-widget-text-editor\" data-id=\"8c6c870\" data-element_type=\"widget\" data-settings=\"{&quot;_animation&quot;:&quot;headShake&quot;}\" data-widget_type=\"text-editor.default\">\n\t\t\t\t<div class=\"elementor-widget-container\">\n\t\t\t\t\t\t\t\t\t<p style=\"font-weight: 400;\">Necessites branding, comunicar quelcom o una nova web. Ens contactes. Aproves el nostre pressupost. Completem un briefing. Fem disseny gr\u00e0fic intel\u00b7ligent. \u00c8xit. Rialles.<\/p><h5 style=\"margin-top: -5px;\">F\u00e0cil. Intel\u00b7ligent. basic.<\/h5>\t\t\t\t\t\t\t\t<\/div>\n\t\t\t\t<\/div>\n\t\t\t\t<div class=\"elementor-element elementor-element-8f8f9e0 animated-fast elementor-invisible elementor-widget elementor-widget-image\" data-id=\"8f8f9e0\" data-element_type=\"widget\" data-settings=\"{&quot;_animation&quot;:&quot;headShake&quot;}\" data-widget_type=\"image.default\">\n\t\t\t\t<div class=\"elementor-widget-container\">\n\t\t\t\t\t\t\t\t\t\t\t\t\t\t\t<img decoding=\"async\" width=\"73\" height=\"103\" src=\"https:\/\/www.basicestudio.com\/wp-content\/uploads\/2022\/08\/b-risa.png\" class=\"attachment-large size-large wp-image-7906\" alt=\"ag\u00e8ncia branding barcelona basicestudio\" \/>\t\t\t\t\t\t\t\t\t\t\t\t\t\t\t<\/div>\n\t\t\t\t<\/div>\n\t\t\t\t\t<\/div>\n\t\t<\/div>\n\t\t\t\t\t<\/div>\n\t\t<\/section>\n\t\t\t\t<section class=\"elementor-section elementor-top-section elementor-element elementor-element-1475ddd elementor-section-full_width qodef-elementor-content-grid elementor-section-stretched animated-fast elementor-section-height-default elementor-section-height-default elementor-invisible\" data-id=\"1475ddd\" data-element_type=\"section\" data-settings=\"{&quot;background_background&quot;:&quot;classic&quot;,&quot;stretch_section&quot;:&quot;section-stretched&quot;,&quot;animation&quot;:&quot;fadeIn&quot;}\">\n\t\t\t\t\t\t\t<div class=\"elementor-background-overlay\"><\/div>\n\t\t\t\t\t\t\t<div class=\"elementor-container elementor-column-gap-no\">\n\t\t\t\t\t<div class=\"elementor-column elementor-col-100 elementor-top-column elementor-element elementor-element-41ecdaa4\" data-id=\"41ecdaa4\" data-element_type=\"column\">\n\t\t\t<div class=\"elementor-widget-wrap\">\n\t\t\t\t\t\t\t<\/div>\n\t\t<\/div>\n\t\t\t\t\t<\/div>\n\t\t<\/section>\n\t\t\t\t<section class=\"elementor-section elementor-top-section elementor-element elementor-element-1bdd0f6 elementor-section-height-min-height elementor-section-content-middle elementor-section-full_width elementor-section-stretched qodef-elementor-content-grid elementor-section-height-default elementor-section-items-middle\" data-id=\"1bdd0f6\" data-element_type=\"section\" data-settings=\"{&quot;stretch_section&quot;:&quot;section-stretched&quot;,&quot;background_background&quot;:&quot;classic&quot;}\">\n\t\t\t\t\t\t\t<div class=\"elementor-background-overlay\"><\/div>\n\t\t\t\t\t\t\t<div class=\"elementor-container elementor-column-gap-default\">\n\t\t\t\t\t<div class=\"elementor-column elementor-col-100 elementor-top-column elementor-element elementor-element-515ce5c\" data-id=\"515ce5c\" data-element_type=\"column\" data-settings=\"{&quot;background_background&quot;:&quot;classic&quot;}\">\n\t\t\t<div class=\"elementor-widget-wrap elementor-element-populated\">\n\t\t\t\t\t\t<div class=\"elementor-element elementor-element-0e1bb73 animated-fast elementor-widget__width-initial elementor-invisible elementor-widget elementor-widget-heading\" data-id=\"0e1bb73\" data-element_type=\"widget\" data-settings=\"{&quot;_animation&quot;:&quot;headShake&quot;}\" data-widget_type=\"heading.default\">\n\t\t\t\t<div class=\"elementor-widget-container\">\n\t\t\t\t\t<h2 class=\"elementor-heading-title elementor-size-default\">Les claus del nostre \u00e8xit?<\/h2>\t\t\t\t<\/div>\n\t\t\t\t<\/div>\n\t\t\t\t<div class=\"elementor-element elementor-element-6edf4f9 elementor-widget__width-initial animated-fast elementor-invisible elementor-widget elementor-widget-text-editor\" data-id=\"6edf4f9\" data-element_type=\"widget\" data-settings=\"{&quot;_animation&quot;:&quot;headShake&quot;}\" data-widget_type=\"text-editor.default\">\n\t\t\t\t<div class=\"elementor-widget-container\">\n\t\t\t\t\t\t\t\t\t<p style=\"font-weight: 400; color: #ffffff;\">\u00b7 Cuidem tots els detalls.<br>\n\u00b7 La nostra atenci\u00f3 \u00e9s personalitzada.<br>\n\u00b7 Som seriosos. Complim els terminis de lliurament.<br>\n\u00b7 Ens adaptem a les vostres necessitats i als vostres pressupostos.\n<\/p>\t\t\t\t\t\t\t\t<\/div>\n\t\t\t\t<\/div>\n\t\t\t\t\t<\/div>\n\t\t<\/div>\n\t\t\t\t\t<\/div>\n\t\t<\/section>\n\t\t\t\t<section class=\"elementor-section elementor-top-section elementor-element elementor-element-970e4c8 elementor-section-height-min-height elementor-section-content-middle elementor-section-full_width elementor-section-stretched qodef-elementor-content-grid elementor-section-height-default elementor-section-items-middle\" data-id=\"970e4c8\" data-element_type=\"section\" data-settings=\"{&quot;stretch_section&quot;:&quot;section-stretched&quot;,&quot;background_background&quot;:&quot;classic&quot;}\">\n\t\t\t\t\t\t\t<div class=\"elementor-background-overlay\"><\/div>\n\t\t\t\t\t\t\t<div class=\"elementor-container elementor-column-gap-default\">\n\t\t\t\t\t<div class=\"elementor-column elementor-col-100 elementor-top-column elementor-element elementor-element-44265aa\" data-id=\"44265aa\" data-element_type=\"column\" data-settings=\"{&quot;background_background&quot;:&quot;classic&quot;}\">\n\t\t\t<div class=\"elementor-widget-wrap elementor-element-populated\">\n\t\t\t\t\t\t<div class=\"elementor-element elementor-element-3e1611d animated-fast elementor-invisible elementor-widget elementor-widget-heading\" data-id=\"3e1611d\" data-element_type=\"widget\" data-settings=\"{&quot;_animation&quot;:&quot;headShake&quot;}\" data-widget_type=\"heading.default\">\n\t\t\t\t<div class=\"elementor-widget-container\">\n\t\t\t\t\t<h2 class=\"elementor-heading-title elementor-size-default\">Si t'agrada el que llegeixes, contacta'ns.<\/h2>\t\t\t\t<\/div>\n\t\t\t\t<\/div>\n\t\t\t\t<div class=\"elementor-element elementor-element-7356fb6 animated-fast elementor-invisible elementor-widget elementor-widget-lekker_core_button\" data-id=\"7356fb6\" data-element_type=\"widget\" data-settings=\"{&quot;_animation&quot;:&quot;fadeIn&quot;,&quot;_animation_delay&quot;:600}\" data-widget_type=\"lekker_core_button.default\">\n\t\t\t\t<div class=\"elementor-widget-container\">\n\t\t\t\t\t<a class=\"qodef-shortcode qodef-m  qodef-button qodef-layout--textual  qodef-html--link\" href=\"https:\/\/www.basicestudio.com\/ca\/basicestudio-contacte\/\" target=\"_self\"  >\n\t<span class=\"qodef-m-text\">Comencem?<\/span>\n\t<span class=\"qodef-m-lines\"><\/span>\n<\/a>\t\t\t\t<\/div>\n\t\t\t\t<\/div>\n\t\t\t\t\t<\/div>\n\t\t<\/div>\n\t\t\t\t\t<\/div>\n\t\t<\/section>\n\t\t\t\t<section class=\"elementor-section elementor-top-section elementor-element elementor-element-f2a7e0e elementor-section-boxed elementor-section-height-default elementor-section-height-default qodef-elementor-content-no\" data-id=\"f2a7e0e\" data-element_type=\"section\">\n\t\t\t\t\t\t<div class=\"elementor-container elementor-column-gap-default\">\n\t\t\t\t\t<div class=\"elementor-column elementor-col-100 elementor-top-column elementor-element elementor-element-ebd3a9b\" data-id=\"ebd3a9b\" data-element_type=\"column\">\n\t\t\t<div class=\"elementor-widget-wrap\">\n\t\t\t\t\t\t\t<\/div>\n\t\t<\/div>\n\t\t\t\t\t<\/div>\n\t\t<\/section>\n\t\t\t\t<\/div>\n\t\t","protected":false},"excerpt":{"rendered":"<p>Fem disseny gr\u00e0fic i web&#8230; Amb b de briefing Perqu\u00e8 creiem que un bon briefing \u00e9s essencial per entendre qu\u00e8 necessites i com l&#8217;hem d&#8217;enfocar. Amb b de barcelona Perqu\u00e8 vivim, treballem i hem estudiat disseny a Barcelona, i aix\u00f2 es nota al nostre estil. Amb b de basic Perqu\u00e8 en el nostre disseny, el [&hellip;]<\/p>\n","protected":false},"author":1,"featured_media":0,"parent":0,"menu_order":0,"comment_status":"closed","ping_status":"closed","template":"","meta":{"footnotes":""},"class_list":["post-7983","page","type-page","status-publish","hentry"],"yoast_head":"<!-- This site is optimized with the Yoast SEO plugin v27.4 - https:\/\/yoast.com\/product\/yoast-seo-wordpress\/ -->\n<title>Estudi de disseny gr\u00e0fic i ag\u00e8ncia de branding a Barcelona.<\/title>\n<meta name=\"description\" content=\"Oferim disseny gr\u00e0fic i web amb b de briefing, amb b de barcelona, amb b de basic. Fem branding, comunicaci\u00f3 i web.\" \/>\n<meta name=\"robots\" content=\"index, follow, max-snippet:-1, max-image-preview:large, max-video-preview:-1\" \/>\n<link rel=\"canonical\" href=\"https:\/\/www.basicestudio.com\/ca\/agencia-branding-barcelona\/\" \/>\n<meta property=\"og:locale\" content=\"ca_ES\" \/>\n<meta property=\"og:type\" content=\"article\" \/>\n<meta property=\"og:title\" content=\"Estudi de disseny gr\u00e0fic i ag\u00e8ncia de branding a Barcelona.\" \/>\n<meta property=\"og:description\" content=\"Oferim disseny gr\u00e0fic i web amb b de briefing, amb b de barcelona, amb b de basic. Fem branding, comunicaci\u00f3 i web.\" \/>\n<meta property=\"og:url\" content=\"https:\/\/www.basicestudio.com\/ca\/agencia-branding-barcelona\/\" \/>\n<meta property=\"og:site_name\" content=\"basicestudio\" \/>\n<meta property=\"article:modified_time\" content=\"2022-08-26T08:46:06+00:00\" \/>\n<meta property=\"og:image\" content=\"https:\/\/www.basicestudio.com\/wp-content\/uploads\/2022\/08\/b-gif-1.gif\" \/>\n<meta name=\"twitter:card\" content=\"summary_large_image\" \/>\n<meta name=\"twitter:label1\" content=\"Temps estimat de lectura\" \/>\n\t<meta name=\"twitter:data1\" content=\"2 minuts\" \/>\n<script type=\"application\/ld+json\" class=\"yoast-schema-graph\">{\"@context\":\"https:\\\/\\\/schema.org\",\"@graph\":[{\"@type\":\"WebPage\",\"@id\":\"https:\\\/\\\/www.basicestudio.com\\\/ca\\\/agencia-branding-barcelona\\\/\",\"url\":\"https:\\\/\\\/www.basicestudio.com\\\/ca\\\/agencia-branding-barcelona\\\/\",\"name\":\"Estudi de disseny gr\u00e0fic i ag\u00e8ncia de branding a Barcelona.\",\"isPartOf\":{\"@id\":\"https:\\\/\\\/www.basicestudio.com\\\/ca\\\/#website\"},\"primaryImageOfPage\":{\"@id\":\"https:\\\/\\\/www.basicestudio.com\\\/ca\\\/agencia-branding-barcelona\\\/#primaryimage\"},\"image\":{\"@id\":\"https:\\\/\\\/www.basicestudio.com\\\/ca\\\/agencia-branding-barcelona\\\/#primaryimage\"},\"thumbnailUrl\":\"https:\\\/\\\/www.basicestudio.com\\\/wp-content\\\/uploads\\\/2022\\\/08\\\/b-gif-1.gif\",\"datePublished\":\"2022-08-11T15:47:47+00:00\",\"dateModified\":\"2022-08-26T08:46:06+00:00\",\"description\":\"Oferim disseny gr\u00e0fic i web amb b de briefing, amb b de barcelona, amb b de basic. Fem branding, comunicaci\u00f3 i web.\",\"breadcrumb\":{\"@id\":\"https:\\\/\\\/www.basicestudio.com\\\/ca\\\/agencia-branding-barcelona\\\/#breadcrumb\"},\"inLanguage\":\"ca\",\"potentialAction\":[{\"@type\":\"ReadAction\",\"target\":[\"https:\\\/\\\/www.basicestudio.com\\\/ca\\\/agencia-branding-barcelona\\\/\"]}]},{\"@type\":\"ImageObject\",\"inLanguage\":\"ca\",\"@id\":\"https:\\\/\\\/www.basicestudio.com\\\/ca\\\/agencia-branding-barcelona\\\/#primaryimage\",\"url\":\"https:\\\/\\\/www.basicestudio.com\\\/wp-content\\\/uploads\\\/2022\\\/08\\\/b-gif-1.gif\",\"contentUrl\":\"https:\\\/\\\/www.basicestudio.com\\\/wp-content\\\/uploads\\\/2022\\\/08\\\/b-gif-1.gif\"},{\"@type\":\"BreadcrumbList\",\"@id\":\"https:\\\/\\\/www.basicestudio.com\\\/ca\\\/agencia-branding-barcelona\\\/#breadcrumb\",\"itemListElement\":[{\"@type\":\"ListItem\",\"position\":1,\"name\":\"Portada\",\"item\":\"https:\\\/\\\/www.basicestudio.com\\\/ca\\\/\"},{\"@type\":\"ListItem\",\"position\":2,\"name\":\"Oferim.\"}]},{\"@type\":\"WebSite\",\"@id\":\"https:\\\/\\\/www.basicestudio.com\\\/ca\\\/#website\",\"url\":\"https:\\\/\\\/www.basicestudio.com\\\/ca\\\/\",\"name\":\"basicestudio\",\"description\":\"Dise\u00f1o Gr\u00e1fico Inteligente\",\"potentialAction\":[{\"@type\":\"SearchAction\",\"target\":{\"@type\":\"EntryPoint\",\"urlTemplate\":\"https:\\\/\\\/www.basicestudio.com\\\/ca\\\/?s={search_term_string}\"},\"query-input\":{\"@type\":\"PropertyValueSpecification\",\"valueRequired\":true,\"valueName\":\"search_term_string\"}}],\"inLanguage\":\"ca\"}]}<\/script>\n<!-- \/ Yoast SEO plugin. -->","yoast_head_json":{"title":"Estudi de disseny gr\u00e0fic i ag\u00e8ncia de branding a Barcelona.","description":"Oferim disseny gr\u00e0fic i web amb b de briefing, amb b de barcelona, amb b de basic. Fem branding, comunicaci\u00f3 i web.","robots":{"index":"index","follow":"follow","max-snippet":"max-snippet:-1","max-image-preview":"max-image-preview:large","max-video-preview":"max-video-preview:-1"},"canonical":"https:\/\/www.basicestudio.com\/ca\/agencia-branding-barcelona\/","og_locale":"ca_ES","og_type":"article","og_title":"Estudi de disseny gr\u00e0fic i ag\u00e8ncia de branding a Barcelona.","og_description":"Oferim disseny gr\u00e0fic i web amb b de briefing, amb b de barcelona, amb b de basic. Fem branding, comunicaci\u00f3 i web.","og_url":"https:\/\/www.basicestudio.com\/ca\/agencia-branding-barcelona\/","og_site_name":"basicestudio","article_modified_time":"2022-08-26T08:46:06+00:00","og_image":[{"url":"https:\/\/www.basicestudio.com\/wp-content\/uploads\/2022\/08\/b-gif-1.gif","type":"","width":"","height":""}],"twitter_card":"summary_large_image","twitter_misc":{"Temps estimat de lectura":"2 minuts"},"schema":{"@context":"https:\/\/schema.org","@graph":[{"@type":"WebPage","@id":"https:\/\/www.basicestudio.com\/ca\/agencia-branding-barcelona\/","url":"https:\/\/www.basicestudio.com\/ca\/agencia-branding-barcelona\/","name":"Estudi de disseny gr\u00e0fic i ag\u00e8ncia de branding a Barcelona.","isPartOf":{"@id":"https:\/\/www.basicestudio.com\/ca\/#website"},"primaryImageOfPage":{"@id":"https:\/\/www.basicestudio.com\/ca\/agencia-branding-barcelona\/#primaryimage"},"image":{"@id":"https:\/\/www.basicestudio.com\/ca\/agencia-branding-barcelona\/#primaryimage"},"thumbnailUrl":"https:\/\/www.basicestudio.com\/wp-content\/uploads\/2022\/08\/b-gif-1.gif","datePublished":"2022-08-11T15:47:47+00:00","dateModified":"2022-08-26T08:46:06+00:00","description":"Oferim disseny gr\u00e0fic i web amb b de briefing, amb b de barcelona, amb b de basic. Fem branding, comunicaci\u00f3 i web.","breadcrumb":{"@id":"https:\/\/www.basicestudio.com\/ca\/agencia-branding-barcelona\/#breadcrumb"},"inLanguage":"ca","potentialAction":[{"@type":"ReadAction","target":["https:\/\/www.basicestudio.com\/ca\/agencia-branding-barcelona\/"]}]},{"@type":"ImageObject","inLanguage":"ca","@id":"https:\/\/www.basicestudio.com\/ca\/agencia-branding-barcelona\/#primaryimage","url":"https:\/\/www.basicestudio.com\/wp-content\/uploads\/2022\/08\/b-gif-1.gif","contentUrl":"https:\/\/www.basicestudio.com\/wp-content\/uploads\/2022\/08\/b-gif-1.gif"},{"@type":"BreadcrumbList","@id":"https:\/\/www.basicestudio.com\/ca\/agencia-branding-barcelona\/#breadcrumb","itemListElement":[{"@type":"ListItem","position":1,"name":"Portada","item":"https:\/\/www.basicestudio.com\/ca\/"},{"@type":"ListItem","position":2,"name":"Oferim."}]},{"@type":"WebSite","@id":"https:\/\/www.basicestudio.com\/ca\/#website","url":"https:\/\/www.basicestudio.com\/ca\/","name":"basicestudio","description":"Dise\u00f1o Gr\u00e1fico Inteligente","potentialAction":[{"@type":"SearchAction","target":{"@type":"EntryPoint","urlTemplate":"https:\/\/www.basicestudio.com\/ca\/?s={search_term_string}"},"query-input":{"@type":"PropertyValueSpecification","valueRequired":true,"valueName":"search_term_string"}}],"inLanguage":"ca"}]}},"_links":{"self":[{"href":"https:\/\/www.basicestudio.com\/ca\/wp-json\/wp\/v2\/pages\/7983","targetHints":{"allow":["GET"]}}],"collection":[{"href":"https:\/\/www.basicestudio.com\/ca\/wp-json\/wp\/v2\/pages"}],"about":[{"href":"https:\/\/www.basicestudio.com\/ca\/wp-json\/wp\/v2\/types\/page"}],"author":[{"embeddable":true,"href":"https:\/\/www.basicestudio.com\/ca\/wp-json\/wp\/v2\/users\/1"}],"replies":[{"embeddable":true,"href":"https:\/\/www.basicestudio.com\/ca\/wp-json\/wp\/v2\/comments?post=7983"}],"version-history":[{"count":9,"href":"https:\/\/www.basicestudio.com\/ca\/wp-json\/wp\/v2\/pages\/7983\/revisions"}],"predecessor-version":[{"id":8161,"href":"https:\/\/www.basicestudio.com\/ca\/wp-json\/wp\/v2\/pages\/7983\/revisions\/8161"}],"wp:attachment":[{"href":"https:\/\/www.basicestudio.com\/ca\/wp-json\/wp\/v2\/media?parent=7983"}],"curies":[{"name":"wp","href":"https:\/\/api.w.org\/{rel}","templated":true}]}}