{"id":7984,"date":"2020-04-26T10:03:48","date_gmt":"2020-04-26T08:03:48","guid":{"rendered":"https:\/\/www.basicestudio.com\/contactans\/"},"modified":"2022-08-28T10:02:43","modified_gmt":"2022-08-28T08:02:43","slug":"basicestudio-contacte","status":"publish","type":"page","link":"https:\/\/www.basicestudio.com\/ca\/basicestudio-contacte\/","title":{"rendered":"Contacta&#8217;ns."},"content":{"rendered":"\t\t<div data-elementor-type=\"wp-page\" data-elementor-id=\"7984\" class=\"elementor elementor-7984 elementor-1721\">\n\t\t\t\t\t\t<section class=\"elementor-section elementor-top-section elementor-element elementor-element-1db9aeb elementor-section-full_width elementor-section-stretched elementor-section-height-default elementor-section-height-default qodef-elementor-content-no\" data-id=\"1db9aeb\" data-element_type=\"section\" data-settings=\"{&quot;stretch_section&quot;:&quot;section-stretched&quot;,&quot;background_background&quot;:&quot;classic&quot;}\">\n\t\t\t\t\t\t<div class=\"elementor-container elementor-column-gap-no\">\n\t\t\t\t\t<div class=\"elementor-column elementor-col-100 elementor-top-column elementor-element elementor-element-b675b42\" data-id=\"b675b42\" data-element_type=\"column\">\n\t\t\t<div class=\"elementor-widget-wrap elementor-element-populated\">\n\t\t\t\t\t\t<div class=\"elementor-element elementor-element-1062d73 elementor-widget elementor-widget-google_maps\" data-id=\"1062d73\" data-element_type=\"widget\" data-widget_type=\"google_maps.default\">\n\t\t\t\t<div class=\"elementor-widget-container\">\n\t\t\t\t\t\t\t<div class=\"elementor-custom-embed\">\n\t\t\t<iframe loading=\"lazy\"\n\t\t\t\t\tsrc=\"https:\/\/maps.google.com\/maps?q=basicestudio&#038;t=m&#038;z=15&#038;output=embed&#038;iwloc=near\"\n\t\t\t\t\ttitle=\"basicestudio\"\n\t\t\t\t\taria-label=\"basicestudio\"\n\t\t\t><\/iframe>\n\t\t<\/div>\n\t\t\t\t\t\t<\/div>\n\t\t\t\t<\/div>\n\t\t\t\t<div class=\"elementor-element elementor-element-7ab0c7d elementor-widget elementor-widget-lekker_core_google_map\" data-id=\"7ab0c7d\" data-element_type=\"widget\" data-widget_type=\"lekker_core_google_map.default\">\n\t\t\t\t<div class=\"elementor-widget-container\">\n\t\t\t\t\t<div class=\"qodef-shortcode qodef-m  qodef-google-map\">\n\t<div class=\"qodef-m-map\" id=\"qodef-map-id--477\" data-addresses='[\"17 John St, New York, NY 10038, USA\"]' data-pin=https:\/\/www.basicestudio.com\/wp-includes\/images\/media\/default.svg data-unique-id=477 data-height=500px><\/div>\n<\/div>\t\t\t\t<\/div>\n\t\t\t\t<\/div>\n\t\t\t\t\t<\/div>\n\t\t<\/div>\n\t\t\t\t\t<\/div>\n\t\t<\/section>\n\t\t\t\t<section class=\"elementor-section elementor-top-section elementor-element elementor-element-589431c8 elementor-section-full_width qodef-elementor-content-grid elementor-section-height-default elementor-section-height-default\" data-id=\"589431c8\" data-element_type=\"section\" data-settings=\"{&quot;background_background&quot;:&quot;classic&quot;}\">\n\t\t\t\t\t\t\t<div class=\"elementor-background-overlay\"><\/div>\n\t\t\t\t\t\t\t<div class=\"elementor-container elementor-column-gap-default\">\n\t\t\t\t\t<div class=\"elementor-column elementor-col-100 elementor-top-column elementor-element elementor-element-640a9c2\" data-id=\"640a9c2\" data-element_type=\"column\">\n\t\t\t<div class=\"elementor-widget-wrap elementor-element-populated\">\n\t\t\t\t\t\t<section class=\"elementor-section elementor-inner-section elementor-element elementor-element-cc00261 elementor-section-full_width elementor-section-height-default elementor-section-height-default qodef-elementor-content-no\" data-id=\"cc00261\" data-element_type=\"section\">\n\t\t\t\t\t\t<div class=\"elementor-container elementor-column-gap-default\">\n\t\t\t\t\t<div class=\"elementor-column elementor-col-50 elementor-inner-column elementor-element elementor-element-aac3ac5\" data-id=\"aac3ac5\" data-element_type=\"column\">\n\t\t\t<div class=\"elementor-widget-wrap elementor-element-populated\">\n\t\t\t\t\t\t<div class=\"elementor-element elementor-element-65908a70 elementor-widget elementor-widget-text-editor\" data-id=\"65908a70\" data-element_type=\"widget\" data-widget_type=\"text-editor.default\">\n\t\t\t\t<div class=\"elementor-widget-container\">\n\t\t\t\t\t\t\t\t\t<h3>basicestudio<\/h3>\t\t\t\t\t\t\t\t<\/div>\n\t\t\t\t<\/div>\n\t\t\t\t<div class=\"elementor-element elementor-element-19922838 elementor-widget elementor-widget-heading\" data-id=\"19922838\" data-element_type=\"widget\" data-widget_type=\"heading.default\">\n\t\t\t\t<div class=\"elementor-widget-container\">\n\t\t\t\t\t<h5 class=\"elementor-heading-title elementor-size-default\">Contacta'ns<\/h5>\t\t\t\t<\/div>\n\t\t\t\t<\/div>\n\t\t\t\t<div class=\"elementor-element elementor-element-3b7b2431 elementor-widget elementor-widget-text-editor\" data-id=\"3b7b2431\" data-element_type=\"widget\" data-widget_type=\"text-editor.default\">\n\t\t\t\t<div class=\"elementor-widget-container\">\n\t\t\t\t\t\t\t\t\t<p style=\"text-align: left;\"><a href=\"https:\/\/goo.gl\/maps\/FTvqzjcbG6EAPSDY8\" target=\"_blank\" rel=\"noopener\">Castella 33, B2, 4-3<br>\nDistricte 22@<br>\n08018 Barcelona<\/a><br><br>\n\n<\/p>\n<a href=\"tel:+34935461158\">+34 935 461 158<\/a><br>\n<a href=\"tel:+34627509420\">+34 627 509 420<\/a><br>\n<a href=\"mailto:22@basicestudio.com\"><b>22@basicestudio.com<\/b><\/a>\t\t\t\t\t\t\t\t<\/div>\n\t\t\t\t<\/div>\n\t\t\t\t\t<\/div>\n\t\t<\/div>\n\t\t\t\t<div class=\"elementor-column elementor-col-50 elementor-inner-column elementor-element elementor-element-1960eb2\" data-id=\"1960eb2\" data-element_type=\"column\">\n\t\t\t<div class=\"elementor-widget-wrap elementor-element-populated\">\n\t\t\t\t\t\t<div class=\"elementor-element elementor-element-1ce41f9c elementor-widget elementor-widget-wp-widget-lekker_core_contact_form_7\" data-id=\"1ce41f9c\" data-element_type=\"widget\" data-widget_type=\"wp-widget-lekker_core_contact_form_7.default\">\n\t\t\t\t<div class=\"elementor-widget-container\">\n\t\t\t\t\t\t\t\t<div class=\"qodef-contact-form-7\">\n\t\t\t\t\n<div class=\"wpcf7 no-js\" id=\"wpcf7-f8089-o1\" lang=\"ca\" dir=\"ltr\" data-wpcf7-id=\"8089\">\n<div class=\"screen-reader-response\"><p role=\"status\" aria-live=\"polite\" aria-atomic=\"true\"><\/p> <ul><\/ul><\/div>\n<form action=\"\/ca\/wp-json\/wp\/v2\/pages\/7984#wpcf7-f8089-o1\" method=\"post\" class=\"wpcf7-form init\" aria-label=\"Formulari de contacte\" novalidate=\"novalidate\" data-status=\"init\">\n<fieldset class=\"hidden-fields-container\"><input type=\"hidden\" name=\"_wpcf7\" value=\"8089\" \/><input type=\"hidden\" name=\"_wpcf7_version\" value=\"6.1.5\" \/><input type=\"hidden\" name=\"_wpcf7_locale\" value=\"ca\" \/><input type=\"hidden\" name=\"_wpcf7_unit_tag\" value=\"wpcf7-f8089-o1\" \/><input type=\"hidden\" name=\"_wpcf7_container_post\" value=\"0\" \/><input type=\"hidden\" name=\"_wpcf7_posted_data_hash\" value=\"\" \/>\n<\/fieldset>\n<label> Nom*\n    <span class=\"wpcf7-form-control-wrap\" data-name=\"your-name\"><input size=\"40\" maxlength=\"400\" class=\"wpcf7-form-control wpcf7-text wpcf7-validates-as-required\" aria-required=\"true\" aria-invalid=\"false\" value=\"\" type=\"text\" name=\"your-name\" \/><\/span> <\/label>\n\n<label> E-mail*\n    <span class=\"wpcf7-form-control-wrap\" data-name=\"your-email\"><input size=\"40\" maxlength=\"400\" class=\"wpcf7-form-control wpcf7-email wpcf7-validates-as-required wpcf7-text wpcf7-validates-as-email\" aria-required=\"true\" aria-invalid=\"false\" value=\"\" type=\"email\" name=\"your-email\" \/><\/span> <\/label>\n\n<label> Tel\u00e8fon*\n    <span class=\"wpcf7-form-control-wrap\" data-name=\"tel-254\"><input size=\"40\" maxlength=\"400\" class=\"wpcf7-form-control wpcf7-tel wpcf7-validates-as-required wpcf7-text wpcf7-validates-as-tel\" aria-required=\"true\" aria-invalid=\"false\" value=\"\" type=\"tel\" name=\"tel-254\" \/><\/span> <\/label>\n\n<label> Missatge*\n    <span class=\"wpcf7-form-control-wrap\" data-name=\"your-message\"><textarea cols=\"40\" rows=\"10\" maxlength=\"2000\" class=\"wpcf7-form-control wpcf7-textarea wpcf7-validates-as-required\" aria-required=\"true\" aria-invalid=\"false\" name=\"your-message\"><\/textarea><\/span> <\/label>\n\n<label><span class=\"wpcf7-form-control-wrap\" data-name=\"acceptance-269\"><span class=\"wpcf7-form-control wpcf7-acceptance\"><span class=\"wpcf7-list-item\"><label><input type=\"checkbox\" name=\"acceptance-269\" value=\"1\" aria-invalid=\"false\" \/><span class=\"wpcf7-list-item-label\">Accepto la <a href=\"\/ca\/notes-legals\/\" target=\"_blank\"><strong>Pol\u00edtica de Privadesa<\/strong><\/a> .<\/span><\/label><\/span><\/span><\/span><\/label>\n<br><br>\n<button class=\"wpcf7-form-control wpcf7-submit qodef-button qodef-size--normal qodef-type--filled qodef-m\" type=\"submit\"><span class=\"qodef-m-text\">Enviar<\/span><\/button><p style=\"display: none !important;\" class=\"akismet-fields-container\" data-prefix=\"_wpcf7_ak_\"><label>&#916;<textarea name=\"_wpcf7_ak_hp_textarea\" cols=\"45\" rows=\"8\" maxlength=\"100\"><\/textarea><\/label><input type=\"hidden\" id=\"ak_js_1\" name=\"_wpcf7_ak_js\" value=\"219\"\/><script>document.getElementById( \"ak_js_1\" ).setAttribute( \"value\", ( new Date() ).getTime() );<\/script><\/p><div class=\"wpcf7-response-output\" aria-hidden=\"true\"><\/div>\n<\/form>\n<\/div>\n\t\t\t<\/div>\n\t\t\t\t\t\t\t<\/div>\n\t\t\t\t<\/div>\n\t\t\t\t\t<\/div>\n\t\t<\/div>\n\t\t\t\t\t<\/div>\n\t\t<\/section>\n\t\t\t\t\t<\/div>\n\t\t<\/div>\n\t\t\t\t\t<\/div>\n\t\t<\/section>\n\t\t\t\t<section class=\"elementor-section elementor-top-section elementor-element elementor-element-8382448 elementor-section-full_width qodef-elementor-content-grid elementor-section-stretched animated-fast elementor-section-height-default elementor-section-height-default elementor-invisible\" data-id=\"8382448\" data-element_type=\"section\" data-settings=\"{&quot;background_background&quot;:&quot;classic&quot;,&quot;stretch_section&quot;:&quot;section-stretched&quot;,&quot;animation&quot;:&quot;fadeIn&quot;}\">\n\t\t\t\t\t\t\t<div class=\"elementor-background-overlay\"><\/div>\n\t\t\t\t\t\t\t<div class=\"elementor-container elementor-column-gap-no\">\n\t\t\t\t\t<div class=\"elementor-column elementor-col-100 elementor-top-column elementor-element elementor-element-bad2b3c\" data-id=\"bad2b3c\" data-element_type=\"column\">\n\t\t\t<div class=\"elementor-widget-wrap\">\n\t\t\t\t\t\t\t<\/div>\n\t\t<\/div>\n\t\t\t\t\t<\/div>\n\t\t<\/section>\n\t\t\t\t<\/div>\n\t\t","protected":false},"excerpt":{"rendered":"<p>basicestudio Contacta&#8217;ns Castella 33, B2, 4-3 Districte 22@ 08018 Barcelona +34 935 461 158 +34 627 509 420 22@basicestudio.com<\/p>\n","protected":false},"author":1,"featured_media":0,"parent":0,"menu_order":0,"comment_status":"closed","ping_status":"closed","template":"page-full-width.php","meta":{"footnotes":""},"class_list":["post-7984","page","type-page","status-publish","hentry"],"yoast_head":"<!-- This site is optimized with the Yoast SEO plugin v27.4 - https:\/\/yoast.com\/product\/yoast-seo-wordpress\/ -->\n<title>basicestudio | Contacta&#039;ns si necessites disseny gr\u00e0fic o web<\/title>\n<meta name=\"description\" content=\"Som basic, un estudi de disseny gr\u00e0fic i multim\u00e8dia del 22@ de Barcelona. Contacta&#039;ns i descobreix com treballem.\" \/>\n<meta name=\"robots\" content=\"index, follow, max-snippet:-1, max-image-preview:large, max-video-preview:-1\" \/>\n<link rel=\"canonical\" href=\"https:\/\/www.basicestudio.com\/ca\/basicestudio-contacte\/\" \/>\n<meta property=\"og:locale\" content=\"ca_ES\" \/>\n<meta property=\"og:type\" content=\"article\" \/>\n<meta property=\"og:title\" content=\"basicestudio | Contacta&#039;ns si necessites disseny gr\u00e0fic o web\" \/>\n<meta property=\"og:description\" content=\"Som basic, un estudi de disseny gr\u00e0fic i multim\u00e8dia del 22@ de Barcelona. Contacta&#039;ns i descobreix com treballem.\" \/>\n<meta property=\"og:url\" content=\"https:\/\/www.basicestudio.com\/ca\/basicestudio-contacte\/\" \/>\n<meta property=\"og:site_name\" content=\"basicestudio\" \/>\n<meta property=\"article:modified_time\" content=\"2022-08-28T08:02:43+00:00\" \/>\n<meta name=\"twitter:card\" content=\"summary_large_image\" \/>\n<meta name=\"twitter:label1\" content=\"Temps estimat de lectura\" \/>\n\t<meta name=\"twitter:data1\" content=\"1 minut\" \/>\n<script type=\"application\/ld+json\" class=\"yoast-schema-graph\">{\"@context\":\"https:\\\/\\\/schema.org\",\"@graph\":[{\"@type\":\"WebPage\",\"@id\":\"https:\\\/\\\/www.basicestudio.com\\\/ca\\\/basicestudio-contacte\\\/\",\"url\":\"https:\\\/\\\/www.basicestudio.com\\\/ca\\\/basicestudio-contacte\\\/\",\"name\":\"basicestudio | Contacta'ns si necessites disseny gr\u00e0fic o web\",\"isPartOf\":{\"@id\":\"https:\\\/\\\/www.basicestudio.com\\\/ca\\\/#website\"},\"datePublished\":\"2020-04-26T08:03:48+00:00\",\"dateModified\":\"2022-08-28T08:02:43+00:00\",\"description\":\"Som basic, un estudi de disseny gr\u00e0fic i multim\u00e8dia del 22@ de Barcelona. Contacta'ns i descobreix com treballem.\",\"breadcrumb\":{\"@id\":\"https:\\\/\\\/www.basicestudio.com\\\/ca\\\/basicestudio-contacte\\\/#breadcrumb\"},\"inLanguage\":\"ca\",\"potentialAction\":[{\"@type\":\"ReadAction\",\"target\":[\"https:\\\/\\\/www.basicestudio.com\\\/ca\\\/basicestudio-contacte\\\/\"]}]},{\"@type\":\"BreadcrumbList\",\"@id\":\"https:\\\/\\\/www.basicestudio.com\\\/ca\\\/basicestudio-contacte\\\/#breadcrumb\",\"itemListElement\":[{\"@type\":\"ListItem\",\"position\":1,\"name\":\"Portada\",\"item\":\"https:\\\/\\\/www.basicestudio.com\\\/ca\\\/\"},{\"@type\":\"ListItem\",\"position\":2,\"name\":\"Contacta&#8217;ns.\"}]},{\"@type\":\"WebSite\",\"@id\":\"https:\\\/\\\/www.basicestudio.com\\\/ca\\\/#website\",\"url\":\"https:\\\/\\\/www.basicestudio.com\\\/ca\\\/\",\"name\":\"basicestudio\",\"description\":\"Dise\u00f1o Gr\u00e1fico Inteligente\",\"potentialAction\":[{\"@type\":\"SearchAction\",\"target\":{\"@type\":\"EntryPoint\",\"urlTemplate\":\"https:\\\/\\\/www.basicestudio.com\\\/ca\\\/?s={search_term_string}\"},\"query-input\":{\"@type\":\"PropertyValueSpecification\",\"valueRequired\":true,\"valueName\":\"search_term_string\"}}],\"inLanguage\":\"ca\"}]}<\/script>\n<!-- \/ Yoast SEO plugin. -->","yoast_head_json":{"title":"basicestudio | Contacta'ns si necessites disseny gr\u00e0fic o web","description":"Som basic, un estudi de disseny gr\u00e0fic i multim\u00e8dia del 22@ de Barcelona. Contacta'ns i descobreix com treballem.","robots":{"index":"index","follow":"follow","max-snippet":"max-snippet:-1","max-image-preview":"max-image-preview:large","max-video-preview":"max-video-preview:-1"},"canonical":"https:\/\/www.basicestudio.com\/ca\/basicestudio-contacte\/","og_locale":"ca_ES","og_type":"article","og_title":"basicestudio | Contacta'ns si necessites disseny gr\u00e0fic o web","og_description":"Som basic, un estudi de disseny gr\u00e0fic i multim\u00e8dia del 22@ de Barcelona. Contacta'ns i descobreix com treballem.","og_url":"https:\/\/www.basicestudio.com\/ca\/basicestudio-contacte\/","og_site_name":"basicestudio","article_modified_time":"2022-08-28T08:02:43+00:00","twitter_card":"summary_large_image","twitter_misc":{"Temps estimat de lectura":"1 minut"},"schema":{"@context":"https:\/\/schema.org","@graph":[{"@type":"WebPage","@id":"https:\/\/www.basicestudio.com\/ca\/basicestudio-contacte\/","url":"https:\/\/www.basicestudio.com\/ca\/basicestudio-contacte\/","name":"basicestudio | Contacta'ns si necessites disseny gr\u00e0fic o web","isPartOf":{"@id":"https:\/\/www.basicestudio.com\/ca\/#website"},"datePublished":"2020-04-26T08:03:48+00:00","dateModified":"2022-08-28T08:02:43+00:00","description":"Som basic, un estudi de disseny gr\u00e0fic i multim\u00e8dia del 22@ de Barcelona. Contacta'ns i descobreix com treballem.","breadcrumb":{"@id":"https:\/\/www.basicestudio.com\/ca\/basicestudio-contacte\/#breadcrumb"},"inLanguage":"ca","potentialAction":[{"@type":"ReadAction","target":["https:\/\/www.basicestudio.com\/ca\/basicestudio-contacte\/"]}]},{"@type":"BreadcrumbList","@id":"https:\/\/www.basicestudio.com\/ca\/basicestudio-contacte\/#breadcrumb","itemListElement":[{"@type":"ListItem","position":1,"name":"Portada","item":"https:\/\/www.basicestudio.com\/ca\/"},{"@type":"ListItem","position":2,"name":"Contacta&#8217;ns."}]},{"@type":"WebSite","@id":"https:\/\/www.basicestudio.com\/ca\/#website","url":"https:\/\/www.basicestudio.com\/ca\/","name":"basicestudio","description":"Dise\u00f1o Gr\u00e1fico Inteligente","potentialAction":[{"@type":"SearchAction","target":{"@type":"EntryPoint","urlTemplate":"https:\/\/www.basicestudio.com\/ca\/?s={search_term_string}"},"query-input":{"@type":"PropertyValueSpecification","valueRequired":true,"valueName":"search_term_string"}}],"inLanguage":"ca"}]}},"_links":{"self":[{"href":"https:\/\/www.basicestudio.com\/ca\/wp-json\/wp\/v2\/pages\/7984","targetHints":{"allow":["GET"]}}],"collection":[{"href":"https:\/\/www.basicestudio.com\/ca\/wp-json\/wp\/v2\/pages"}],"about":[{"href":"https:\/\/www.basicestudio.com\/ca\/wp-json\/wp\/v2\/types\/page"}],"author":[{"embeddable":true,"href":"https:\/\/www.basicestudio.com\/ca\/wp-json\/wp\/v2\/users\/1"}],"replies":[{"embeddable":true,"href":"https:\/\/www.basicestudio.com\/ca\/wp-json\/wp\/v2\/comments?post=7984"}],"version-history":[{"count":12,"href":"https:\/\/www.basicestudio.com\/ca\/wp-json\/wp\/v2\/pages\/7984\/revisions"}],"predecessor-version":[{"id":8231,"href":"https:\/\/www.basicestudio.com\/ca\/wp-json\/wp\/v2\/pages\/7984\/revisions\/8231"}],"wp:attachment":[{"href":"https:\/\/www.basicestudio.com\/ca\/wp-json\/wp\/v2\/media?parent=7984"}],"curies":[{"name":"wp","href":"https:\/\/api.w.org\/{rel}","templated":true}]}}