{"id":7997,"date":"2022-08-13T16:55:02","date_gmt":"2022-08-13T14:55:02","guid":{"rendered":"https:\/\/www.basicestudio.com\/notes-legals\/"},"modified":"2022-08-26T08:06:07","modified_gmt":"2022-08-26T06:06:07","slug":"notes-legals","status":"publish","type":"page","link":"https:\/\/www.basicestudio.com\/ca\/notes-legals\/","title":{"rendered":"Notes legals"},"content":{"rendered":"\t\t<div data-elementor-type=\"wp-page\" data-elementor-id=\"7997\" class=\"elementor elementor-7997 elementor-7708\">\n\t\t\t\t\t\t<section class=\"elementor-section elementor-top-section elementor-element elementor-element-75e3c9d elementor-section-boxed elementor-section-height-default elementor-section-height-default qodef-elementor-content-no\" data-id=\"75e3c9d\" data-element_type=\"section\">\n\t\t\t\t\t\t<div class=\"elementor-container elementor-column-gap-default\">\n\t\t\t\t\t<div class=\"elementor-column elementor-col-100 elementor-top-column elementor-element elementor-element-9d5785e\" data-id=\"9d5785e\" data-element_type=\"column\">\n\t\t\t<div class=\"elementor-widget-wrap elementor-element-populated\">\n\t\t\t\t\t\t<section class=\"elementor-section elementor-inner-section elementor-element elementor-element-e3763dc elementor-section-boxed elementor-section-height-default elementor-section-height-default qodef-elementor-content-no\" data-id=\"e3763dc\" data-element_type=\"section\">\n\t\t\t\t\t\t<div class=\"elementor-container elementor-column-gap-default\">\n\t\t\t\t\t<div class=\"elementor-column elementor-col-100 elementor-inner-column elementor-element elementor-element-260c2a5\" data-id=\"260c2a5\" data-element_type=\"column\">\n\t\t\t<div class=\"elementor-widget-wrap elementor-element-populated\">\n\t\t\t\t\t\t<div class=\"elementor-element elementor-element-a5e5055 elementor-widget elementor-widget-text-editor\" data-id=\"a5e5055\" data-element_type=\"widget\" data-widget_type=\"text-editor.default\">\n\t\t\t\t<div class=\"elementor-widget-container\">\n\t\t\t\t\t\t\t\t\t<h3>Notes Legals<\/h3>\n<p style=\"font-weight: 400;\">basicestudio (d&#8217;ara endavant \u201cel titular\u201d) insta l&#8217;usuari d&#8217;aquest lloc web (d&#8217;ara endavant \u201cl&#8217;usuari\u201d) a llegir els aspectes legals que s&#8217;exposen a continuaci\u00f3. El fet de navegar per aquest lloc web implica el vostre coneixement i acceptaci\u00f3.<\/p>\n<p style=\"font-weight: 400;\">D&#8217;acord amb el RGPD (Reglament (UE) 2016\/679) de Protecci\u00f3 de Dades, la Llei 34\/2002 d&#8217;11 de juliol sobre serveis de la Societat de la Informaci\u00f3 i de Comer\u00e7 Electr\u00f2nic (LSSICE) i el Reial Decret Legislatiu 1\/ 1996 de 12 d&#8217;abril pel qual s&#8217;aprova el text ref\u00f3s de la Llei de propietat intel\u00b7lectual, el titular informa l&#8217;usuari dels aspectes legals seg\u00fcents:<\/p>\n&nbsp;\n<p style=\"font-weight: 400;\"><strong>Protecci\u00f3 de dades<\/strong><br>Segons all\u00f2 establert al RGPD (Reglament (UE) 2016\/679), proporcionem a l&#8217;usuari la informaci\u00f3 detallada de protecci\u00f3 de dades que s&#8217;exposa a continuaci\u00f3:<br>\n\u00b7 Finalitat: Us informem que les dades de car\u00e0cter personal recollides seran incorporades a un fitxer sota la nostra responsabilitat, amb la finalitat de gestionar l&#8217;enviament de la informaci\u00f3 que ens sol\u00b7licitin i facilitar als interessats ofertes de productes i serveis del vostre inter\u00e8s. Les dades proporcionades es conservaran mentre es mantingui la relaci\u00f3 comercial, durant els anys necessaris per complir les obligacions legals o se&#8217;n sol\u00b7liciti la supressi\u00f3 per l&#8217;interessat.<br>\n\u00b7 Legitimaci\u00f3: Les dades de car\u00e0cter personal obtingudes en aquesta p\u00e0gina web, aix\u00ed com l&#8217;oferta de productes i serveis oferts, est\u00e0 basada en el consentiment que se sol\u00b7licita a l&#8217;interessat. L&#8217;interessat t\u00e9 dret a retirar el consentiment en qualsevol moment. La retirada del consentiment no afecta la sol\u00b7licitud del tractament basada en el consentiment previ a la seva retirada.<br>\n\u00b7 Destinataris: No se cediran dades a tercers, excepte obligaci\u00f3 legal.<br>\n\u00b7 Drets: L&#8217;usuari, com a interessat directe, t\u00e9 dret a obtenir confirmaci\u00f3 sobre si estem tractant dades personals que li concerneixen, o no. Teniu dret a accedir a les vostres dades personals, aix\u00ed com a sol\u00b7licitar la rectificaci\u00f3 de les que siguin inexactes o, si escau, sol\u00b7licitar la seva supressi\u00f3 quan, entre altres motius, ja no siguin necess\u00e0ries per als fins amb qu\u00e8 van ser recollits.<\/p>\n<p style=\"font-weight: 400;\">En determinades circumst\u00e0ncies, l&#8217;usuari podr\u00e0 sol\u00b7licitar la limitaci\u00f3 del tractament de les seves dades, cas en qu\u00e8 \u00fanicament les conservarem per a l&#8217;exercici o la defensa de reclamacions.<\/p>\n<p style=\"font-weight: 400;\">En determinades circumst\u00e0ncies, i per motius relacionats amb la seva situaci\u00f3 particular, es pot oposar al tractament de les dades. Deixarem de tractar-los excepte per motius leg\u00edtims imperiosos o l&#8217;exercici o la defensa de possibles reclamacions.<\/p>\n<p style=\"font-weight: 400;\">En determinades circumst\u00e0ncies, tindr\u00e0 dret a rebre les dades personals que li incumbeixin i que ens hagi facilitat, i transmetre&#8217;ls o sol\u00b7licitar que els proporcionem a un tercer sense objecci\u00f3 per part nostra (dret a la portabilitat de dades).<\/p>\n<p style=\"font-weight: 400;\">En determinades circumst\u00e0ncies, us informem que tindreu dret a no ser objecte d&#8217;una decisi\u00f3 basada \u00fanicament en el tractament automatitzat, inclosa l&#8217;elaboraci\u00f3 de perfils, que produeixi efectes jur\u00eddics sobre vost\u00e8 o us afecti significativament de manera similar.<\/p>\n&nbsp;\n<p style=\"font-weight: 400;\"><strong>Condicions d&#8217;\u00fas<\/strong><br>\n\u00b7 El titular no es responsabilitza de la qualitat de la navegaci\u00f3 ni de la velocitat d&#8217;acc\u00e9s. Tot usuari que accedeixi a aquest lloc web es compromet a fer-ho d&#8217;acord amb la llei, la moral i l&#8217;ordre p\u00fablic quant a l&#8217;acc\u00e9s i la navegaci\u00f3.<br>\n\u00b7 Es prohibeix la introducci\u00f3 de virus que puguin perjudicar aquest lloc web en si o tercers. La navegaci\u00f3 realitzada per l&#8217;usuari estar\u00e0 sota la seva responsabilitat. De la mateixa manera, es prohibeix l&#8217;enviament i\/o la transmissi\u00f3 de qualsevol tipus de material violent, amena\u00e7ador, difamatori, obsc\u00e8, abusiu, il\u00b7legal, racial, xen\u00f2fob, pornogr\u00e0fic o de qualsevol manera ofensiu que constitueixi o fomenti conductes que puguin ser contr\u00e0ries a les lleis vigents.<br>\n\u00b7 El titular ha pres totes les precaucions per evitar la propagaci\u00f3 de virus inform\u00e0tics. Tot i aix\u00ed es recomana que el receptor de tot missatge inform\u00e0tic realitzi els seus propis controls. El titular no acceptar\u00e0 cap responsabilitat per danys que puguin patir aquests factors.<br>\n\u00b7 La responsabilitat de l&#8217;\u00fas de la informaci\u00f3 continguda en aquest lloc web \u00e9s de l&#8217;usuari. El titular no ser\u00e0 responsable dels danys i perjudicis produ\u00efts o que puguin produir-se, sigui quina sigui la seva naturalesa, que es derivin de l&#8217;\u00fas de la informaci\u00f3, de les mat\u00e8ries contingudes en aquest lloc web i dels programes que incorpora. Els enlla\u00e7os (links) i hipertext que possibilitin, mitjan\u00e7ant aquest lloc web, accedir a l&#8217;usuari a prestacions i serveis oferts per tercers, no pertanyen ni es troben sota el control del titular.<br>\n\u00b7 El titular es compromet a no remetre comunicacions publicit\u00e0ries o promocionals per correu electr\u00f2nic o altre mitj\u00e0 de comunicaci\u00f3 electr\u00f2nica equivalent sense identificar-les com a comunicaci\u00f3 comercial i sense que pr\u00e8viament no hagin estat sol\u00b7licitades o expressament autoritzades pels destinataris d&#8217;aquestes. A aquests efectes no ser\u00e0 considerada com a comunicaci\u00f3 comercial tota la informaci\u00f3 que s&#8217;envi\u00ef als clients del titular sempre que tingui per finalitat el manteniment de la relaci\u00f3 contractual existent, aix\u00ed com l&#8217;exercici de les tasques d&#8217;informaci\u00f3, formaci\u00f3 i altres activitats pr\u00f2pies del servei que el client t\u00e9 contractat amb l&#8217;empresa.<br>\n\u00b7 El titular podr\u00e0 modificar, sense previ av\u00eds, la informaci\u00f3 continguda en aquest lloc web, aix\u00ed com la seva configuraci\u00f3 i presentaci\u00f3.<\/p><br>\n<p style=\"font-weight: 400;\"><strong>Propietat intel\u00b7lectual<\/strong><br>\n\u00b7 El titular no permet, ni totalment ni parcialment, la reproducci\u00f3, publicaci\u00f3, divulgaci\u00f3, tractament inform\u00e0tic, distribuci\u00f3, difusi\u00f3, modificaci\u00f3, \u00fas comercial, transformaci\u00f3 o descompilaci\u00f3 en qualsevol suport o format de cap dels elements d&#8217;aquest lloc web sense perm\u00eds previ i per escrit. L&#8217;usuari, \u00fanica i exclusivament, pot utilitzar el material que aparegui en aquest lloc web per al seu \u00fas personal i privat, quedant-ne prohibit l&#8217;\u00fas amb qualsevol altra finalitat.<br>\n\u00b7 Els noms comercials, marques, logotips o signes distintius de qualsevol naturalesa que apareguin en aquest lloc web estan protegits pels drets de propietat intel\u00b7lectual i industrial dels seus titulars.<\/p>\t\t\t\t\t\t\t\t<\/div>\n\t\t\t\t<\/div>\n\t\t\t\t\t<\/div>\n\t\t<\/div>\n\t\t\t\t\t<\/div>\n\t\t<\/section>\n\t\t\t\t\t<\/div>\n\t\t<\/div>\n\t\t\t\t\t<\/div>\n\t\t<\/section>\n\t\t\t\t<\/div>\n\t\t","protected":false},"excerpt":{"rendered":"<p>Notes Legals basicestudio (d&#8217;ara endavant \u201cel titular\u201d) insta l&#8217;usuari d&#8217;aquest lloc web (d&#8217;ara endavant \u201cl&#8217;usuari\u201d) a llegir els aspectes legals que s&#8217;exposen a continuaci\u00f3. El fet de navegar per aquest lloc web implica el vostre coneixement i acceptaci\u00f3. D&#8217;acord amb el RGPD (Reglament (UE) 2016\/679) de Protecci\u00f3 de Dades, la Llei 34\/2002 d&#8217;11 de juliol [&hellip;]<\/p>\n","protected":false},"author":1,"featured_media":0,"parent":0,"menu_order":0,"comment_status":"closed","ping_status":"closed","template":"","meta":{"footnotes":""},"class_list":["post-7997","page","type-page","status-publish","hentry"],"yoast_head":"<!-- This site is optimized with the Yoast SEO plugin v27.5 - https:\/\/yoast.com\/product\/yoast-seo-wordpress\/ -->\n<title>Notes legals - basicestudio<\/title>\n<meta name=\"robots\" content=\"index, follow, max-snippet:-1, max-image-preview:large, max-video-preview:-1\" \/>\n<link rel=\"canonical\" href=\"https:\/\/www.basicestudio.com\/ca\/notes-legals\/\" \/>\n<meta property=\"og:locale\" content=\"ca_ES\" \/>\n<meta property=\"og:type\" content=\"article\" \/>\n<meta property=\"og:title\" content=\"Notes legals - basicestudio\" \/>\n<meta property=\"og:description\" content=\"Notes Legals basicestudio (d&#8217;ara endavant \u201cel titular\u201d) insta l&#8217;usuari d&#8217;aquest lloc web (d&#8217;ara endavant \u201cl&#8217;usuari\u201d) a llegir els aspectes legals que s&#8217;exposen a continuaci\u00f3. El fet de navegar per aquest lloc web implica el vostre coneixement i acceptaci\u00f3. D&#8217;acord amb el RGPD (Reglament (UE) 2016\/679) de Protecci\u00f3 de Dades, la Llei 34\/2002 d&#8217;11 de juliol [&hellip;]\" \/>\n<meta property=\"og:url\" content=\"https:\/\/www.basicestudio.com\/ca\/notes-legals\/\" \/>\n<meta property=\"og:site_name\" content=\"basicestudio\" \/>\n<meta property=\"article:modified_time\" content=\"2022-08-26T06:06:07+00:00\" \/>\n<meta name=\"twitter:card\" content=\"summary_large_image\" \/>\n<meta name=\"twitter:label1\" content=\"Temps estimat de lectura\" \/>\n\t<meta name=\"twitter:data1\" content=\"5 minuts\" \/>\n<script type=\"application\/ld+json\" class=\"yoast-schema-graph\">{\"@context\":\"https:\\\/\\\/schema.org\",\"@graph\":[{\"@type\":\"WebPage\",\"@id\":\"https:\\\/\\\/www.basicestudio.com\\\/ca\\\/notes-legals\\\/\",\"url\":\"https:\\\/\\\/www.basicestudio.com\\\/ca\\\/notes-legals\\\/\",\"name\":\"Notes legals - basicestudio\",\"isPartOf\":{\"@id\":\"https:\\\/\\\/www.basicestudio.com\\\/ca\\\/#website\"},\"datePublished\":\"2022-08-13T14:55:02+00:00\",\"dateModified\":\"2022-08-26T06:06:07+00:00\",\"breadcrumb\":{\"@id\":\"https:\\\/\\\/www.basicestudio.com\\\/ca\\\/notes-legals\\\/#breadcrumb\"},\"inLanguage\":\"ca\",\"potentialAction\":[{\"@type\":\"ReadAction\",\"target\":[\"https:\\\/\\\/www.basicestudio.com\\\/ca\\\/notes-legals\\\/\"]}]},{\"@type\":\"BreadcrumbList\",\"@id\":\"https:\\\/\\\/www.basicestudio.com\\\/ca\\\/notes-legals\\\/#breadcrumb\",\"itemListElement\":[{\"@type\":\"ListItem\",\"position\":1,\"name\":\"Portada\",\"item\":\"https:\\\/\\\/www.basicestudio.com\\\/ca\\\/\"},{\"@type\":\"ListItem\",\"position\":2,\"name\":\"Notes legals\"}]},{\"@type\":\"WebSite\",\"@id\":\"https:\\\/\\\/www.basicestudio.com\\\/ca\\\/#website\",\"url\":\"https:\\\/\\\/www.basicestudio.com\\\/ca\\\/\",\"name\":\"basicestudio\",\"description\":\"Dise\u00f1o Gr\u00e1fico Inteligente\",\"potentialAction\":[{\"@type\":\"SearchAction\",\"target\":{\"@type\":\"EntryPoint\",\"urlTemplate\":\"https:\\\/\\\/www.basicestudio.com\\\/ca\\\/?s={search_term_string}\"},\"query-input\":{\"@type\":\"PropertyValueSpecification\",\"valueRequired\":true,\"valueName\":\"search_term_string\"}}],\"inLanguage\":\"ca\"}]}<\/script>\n<!-- \/ Yoast SEO plugin. -->","yoast_head_json":{"title":"Notes legals - basicestudio","robots":{"index":"index","follow":"follow","max-snippet":"max-snippet:-1","max-image-preview":"max-image-preview:large","max-video-preview":"max-video-preview:-1"},"canonical":"https:\/\/www.basicestudio.com\/ca\/notes-legals\/","og_locale":"ca_ES","og_type":"article","og_title":"Notes legals - basicestudio","og_description":"Notes Legals basicestudio (d&#8217;ara endavant \u201cel titular\u201d) insta l&#8217;usuari d&#8217;aquest lloc web (d&#8217;ara endavant \u201cl&#8217;usuari\u201d) a llegir els aspectes legals que s&#8217;exposen a continuaci\u00f3. El fet de navegar per aquest lloc web implica el vostre coneixement i acceptaci\u00f3. D&#8217;acord amb el RGPD (Reglament (UE) 2016\/679) de Protecci\u00f3 de Dades, la Llei 34\/2002 d&#8217;11 de juliol [&hellip;]","og_url":"https:\/\/www.basicestudio.com\/ca\/notes-legals\/","og_site_name":"basicestudio","article_modified_time":"2022-08-26T06:06:07+00:00","twitter_card":"summary_large_image","twitter_misc":{"Temps estimat de lectura":"5 minuts"},"schema":{"@context":"https:\/\/schema.org","@graph":[{"@type":"WebPage","@id":"https:\/\/www.basicestudio.com\/ca\/notes-legals\/","url":"https:\/\/www.basicestudio.com\/ca\/notes-legals\/","name":"Notes legals - basicestudio","isPartOf":{"@id":"https:\/\/www.basicestudio.com\/ca\/#website"},"datePublished":"2022-08-13T14:55:02+00:00","dateModified":"2022-08-26T06:06:07+00:00","breadcrumb":{"@id":"https:\/\/www.basicestudio.com\/ca\/notes-legals\/#breadcrumb"},"inLanguage":"ca","potentialAction":[{"@type":"ReadAction","target":["https:\/\/www.basicestudio.com\/ca\/notes-legals\/"]}]},{"@type":"BreadcrumbList","@id":"https:\/\/www.basicestudio.com\/ca\/notes-legals\/#breadcrumb","itemListElement":[{"@type":"ListItem","position":1,"name":"Portada","item":"https:\/\/www.basicestudio.com\/ca\/"},{"@type":"ListItem","position":2,"name":"Notes legals"}]},{"@type":"WebSite","@id":"https:\/\/www.basicestudio.com\/ca\/#website","url":"https:\/\/www.basicestudio.com\/ca\/","name":"basicestudio","description":"Dise\u00f1o Gr\u00e1fico Inteligente","potentialAction":[{"@type":"SearchAction","target":{"@type":"EntryPoint","urlTemplate":"https:\/\/www.basicestudio.com\/ca\/?s={search_term_string}"},"query-input":{"@type":"PropertyValueSpecification","valueRequired":true,"valueName":"search_term_string"}}],"inLanguage":"ca"}]}},"_links":{"self":[{"href":"https:\/\/www.basicestudio.com\/ca\/wp-json\/wp\/v2\/pages\/7997","targetHints":{"allow":["GET"]}}],"collection":[{"href":"https:\/\/www.basicestudio.com\/ca\/wp-json\/wp\/v2\/pages"}],"about":[{"href":"https:\/\/www.basicestudio.com\/ca\/wp-json\/wp\/v2\/types\/page"}],"author":[{"embeddable":true,"href":"https:\/\/www.basicestudio.com\/ca\/wp-json\/wp\/v2\/users\/1"}],"replies":[{"embeddable":true,"href":"https:\/\/www.basicestudio.com\/ca\/wp-json\/wp\/v2\/comments?post=7997"}],"version-history":[{"count":6,"href":"https:\/\/www.basicestudio.com\/ca\/wp-json\/wp\/v2\/pages\/7997\/revisions"}],"predecessor-version":[{"id":8142,"href":"https:\/\/www.basicestudio.com\/ca\/wp-json\/wp\/v2\/pages\/7997\/revisions\/8142"}],"wp:attachment":[{"href":"https:\/\/www.basicestudio.com\/ca\/wp-json\/wp\/v2\/media?parent=7997"}],"curies":[{"name":"wp","href":"https:\/\/api.w.org\/{rel}","templated":true}]}}